{"id":24,"date":"2023-02-21T13:29:22","date_gmt":"2023-02-21T13:29:22","guid":{"rendered":"https:\/\/tijolosecologicosvaptvupt.com.br\/?page_id=24"},"modified":"2023-07-26T01:14:18","modified_gmt":"2023-07-26T01:14:18","slug":"quem-somos","status":"publish","type":"page","link":"https:\/\/tijolosecologicosvaptvupt.com.br\/?page_id=24","title":{"rendered":"Quem Somos"},"content":{"rendered":"\n<p class=\"has-medium-font-size\">A Vapt Vupt Tijolos Ecol\u00f3gicos \u00e9 uma empresa familiar, nascida na cidade de Caconde-SP em uma cidade TUR\u00cdSTICA no interior de S\u00e3o Paulo, nascia ent\u00e3o um sonho, em construirmos nossa pr\u00f3pria casa utilizando este m\u00e9todo, r\u00e1pido barato e ecologicamente correto. Ap\u00f3s a compra da primeira m\u00e1quina percebemos que poder\u00edamos dar um novo passo.  Foi assim que surgiu a nossa estimada Vapt Vupt Tijolos Ecol\u00f3gicos em maio de 2015.<br>A Vapt Vupt Tijolos Ecol\u00f3gicos surgiu principalmente da necessidade de inova\u00e7\u00e3o no segmento da constru\u00e7\u00e3o civil, visando custos mais baixos, produtos de qualidade e principalmente ecologicamente sustent\u00e1vel para o meio ambiente. Nossos tijolos ecol\u00f3gicos s\u00e3o feitos de TERRA de desaterro, areia e cimento, bem diferente da maneira na qual \u00e9 feita um tijolo de barro convencional, onde \u00e9 necess\u00e1rio o corte de 7 \u00e1rvores para queima e cura de 1 milheiro, sendo assim optamos por trazer ao mercado um produto diferente dos demais e completamente sustent\u00e1vel.<\/p>\n\n\n\n<p><\/p>\n\n\n\n<blockquote class=\"wp-block-quote is-layout-flow wp-block-quote-is-layout-flow\">\n<p>O sistema construtivo e a arquitetura sofisticada acabou gerando em n\u00f3s o desejo de compartilhar este m\u00e9todo inovador de constru\u00e7\u00e3o que al\u00e9m de lindo, era capaz de gerar economia e preserva\u00e7\u00e3o ambiental.<\/p>\n\n\n\n<p><\/p>\n<\/blockquote>\n\n\n\n<p>A nossa miss\u00e3o \u00e9 apresentar um m\u00e9todo construtivo por outra perspectiva, exclusivo e que gera in\u00fameros benef\u00edcios no ramo da constru\u00e7\u00e3o civil. Visamos ser uma empresa s\u00f3lida, comprometida em fornecer um produto de qualidade comprovada, al\u00e9m do anseio de ser uma poderosa aliada na preserva\u00e7\u00e3o&nbsp;ambiental.<\/p>\n\n\n\n<p>Sejam todos muito Bem-vindos a VaptVupt Tijolos ecol\u00f3gicos! fa\u00e7a-nos uma visita!<\/p>\n","protected":false},"excerpt":{"rendered":"<p>A Vapt Vupt Tijolos Ecol\u00f3gicos \u00e9 uma empresa familiar, nascida na cidade de Caconde-SP em uma cidade TUR\u00cdSTICA no interior de S\u00e3o Paulo, nascia ent\u00e3o um sonho, em construirmos nossa pr\u00f3pria casa utilizando este m\u00e9todo, r\u00e1pido barato e ecologicamente correto. Ap\u00f3s a compra da primeira m\u00e1quina percebemos que poder\u00edamos dar um novo passo. Foi assim [&hellip;]<\/p>\n","protected":false},"author":1,"featured_media":0,"parent":0,"menu_order":0,"comment_status":"closed","ping_status":"closed","template":"","meta":{"footnotes":""},"class_list":["post-24","page","type-page","status-publish","hentry"],"_links":{"self":[{"href":"https:\/\/tijolosecologicosvaptvupt.com.br\/index.php?rest_route=\/wp\/v2\/pages\/24","targetHints":{"allow":["GET"]}}],"collection":[{"href":"https:\/\/tijolosecologicosvaptvupt.com.br\/index.php?rest_route=\/wp\/v2\/pages"}],"about":[{"href":"https:\/\/tijolosecologicosvaptvupt.com.br\/index.php?rest_route=\/wp\/v2\/types\/page"}],"author":[{"embeddable":true,"href":"https:\/\/tijolosecologicosvaptvupt.com.br\/index.php?rest_route=\/wp\/v2\/users\/1"}],"replies":[{"embeddable":true,"href":"https:\/\/tijolosecologicosvaptvupt.com.br\/index.php?rest_route=%2Fwp%2Fv2%2Fcomments&post=24"}],"version-history":[{"count":9,"href":"https:\/\/tijolosecologicosvaptvupt.com.br\/index.php?rest_route=\/wp\/v2\/pages\/24\/revisions"}],"predecessor-version":[{"id":506,"href":"https:\/\/tijolosecologicosvaptvupt.com.br\/index.php?rest_route=\/wp\/v2\/pages\/24\/revisions\/506"}],"wp:attachment":[{"href":"https:\/\/tijolosecologicosvaptvupt.com.br\/index.php?rest_route=%2Fwp%2Fv2%2Fmedia&parent=24"}],"curies":[{"name":"wp","href":"https:\/\/api.w.org\/{rel}","templated":true}]}}