{"id":2,"date":"2023-02-17T12:44:33","date_gmt":"2023-02-17T12:44:33","guid":{"rendered":"https:\/\/tijolosecologicosvaptvupt.com.br\/?page_id=2"},"modified":"2023-08-19T19:36:20","modified_gmt":"2023-08-19T19:36:20","slug":"o-tijolo","status":"publish","type":"page","link":"https:\/\/tijolosecologicosvaptvupt.com.br\/?page_id=2","title":{"rendered":"O Tijolo"},"content":{"rendered":"\n<p class=\"has-large-font-size\"><br><strong><mark style=\"background-color:rgba(0, 0, 0, 0)\" class=\"has-inline-color has-black-color\">O Tijolo<\/mark><\/strong><\/p>\n\n\n\n<p>Dentre os v\u00e1rios modelos que fabricamos nosso carro chefe \u00e9 o;<br>Tijolo Ecol\u00f3gico Vapt Vupt nas Dimens\u00f5es de; 25 x 12,5 x 7,50 &#8211; 52 pe\u00e7as por m\u00b2<br>\u00d3tima Qualidade, Acabamento,<br>Peso unit\u00e1rio tijolo inteiro 3,5 Kg<br><br>Os tijolos v\u00e3o paletizados, protegidos a cada fiada com manta, amarrada e com filme strech<br>Frete e prazo de entrega &#8211; Informe local de entrega para consulta de valores.<br>Entrega terceirizada<\/p>\n\n\n\n<p><br>Venha nos visitar e conhecer a qualidade dos nossos Tijolos!<br><br>&#8211; Por que ele \u00e9 ecol\u00f3gico?<br>A grande vantagem do seu processo de produ\u00e7\u00e3o \u00e9 que n\u00e3o tem a queima, o que elimina o uso de combust\u00edveis e a emiss\u00e3o de gases do efeito estufa do processo. Estima-se que para a queima da lenha necess\u00e1ria para a fabrica\u00e7\u00e3o de mil tijolos convencionais s\u00e3o necess\u00e1rias 10 \u00e1rvores.<br><br>-Vantagens do tijolo ecol\u00f3gico:<br><br>Menor impacto ambiental no processo de produ\u00e7\u00e3o;<br><br>Usado em constru\u00e7\u00e3o Urbana, de Campo, Moderna, R\u00fastica, edif\u00edcios, chal\u00e9s, sobrados, casa t\u00e9rrea, \u00e1rea gourmet, churrasqueiras&#8230;<br><br><br>Sustentabilidade, economia, at\u00e9 4x mais resistente que a alvenaria comum,<br><br>Recebe qualquer tipo de revestimento d\u00eas de azulejos at\u00e9 pintura, gesso, mas tamb\u00e9m os dispensa;<br><br>Possui excelente isolamento t\u00e9rmico e ac\u00fastico;<br><br>Permite embutir colunas estruturais e instala\u00e7\u00f5es el\u00e9tricas e hidr\u00e1ulicas;<br><br>Economia de cimento, caixarias, sem reboco, pode ser assentado com a Super Cola, produto de uso profissional desenvolvido especialmente para o assentamento dos tijolos ecol\u00f3gicos;<br><br>Racionaliza\u00e7\u00e3o da constru\u00e7\u00e3o \u2013 at\u00e9 40% mais r\u00e1pida;<br><br>Obra mais limpa;<br><br>Custo final pode chegar a ser 30% a 40% menor do que obras convencionais<\/p>\n\n\n\n<p class=\"has-large-font-size\"><br><\/p>\n\n\n\n<p><\/p>\n\n\n\n<p><\/p>\n\n\n\n<p><\/p>\n\n\n\n<p><\/p>\n\n\n\n<p>O tijolo ecol\u00f3gico \u00e9 um dos materiais sustent\u00e1veis que mais encontramos no setor da constru\u00e7\u00e3o civil. <\/p>\n\n\n\n<p>Muitas casas hoje aqui no Brasil s\u00e3o feitas com tijolo ecol\u00f3gico.<\/p>\n\n\n\n<p><br>O tijolo ecol\u00f3gico \u00e9 chamado assim porque n\u00e3o emite CO2 em sua produ\u00e7\u00e3o, pois sua fabrica\u00e7\u00e3o consiste na prensa dos materiais e n\u00e3o queima dos mesmos.<\/p>\n\n\n\n<p><br>A sua mat\u00e9ria prima consiste basicamente de \u00e1gua, cimento, areia e terra.<\/p>\n\n\n\n<p><br>O tijolo ecol\u00f3gico possui um acabamento perfeito tanto no lado externo quanto ao lado interno da sua parede, que o diferencia dos tijolos comuns que conhecemos no mercado. Sendo assim, existe a possibilidade de deixa-lo aparente na parede, pois sua apar\u00eancia \u00e9 muito bonita. Se o desejo \u00e9 reboc\u00e1-lo, pint\u00e1-lo, cobri-lo com revestimento, tudo isso \u00e9 poss\u00edvel tamb\u00e9m. Fica \u201ca gosto do fregu\u00eas\u201d.<\/p>\n\n\n\n<p><br>Nas duas faces maiores (mais largas) do tijolo, h\u00e1 um encaixe \u201cmacho-f\u00eamea\u201d nas suas extremidades, permitindo um assentamento perfeito apenas com uma cola e fazendo o travando automaticamente.<\/p>\n\n\n\n<p><br>Para maior resist\u00eancia da parede e suporte para o peso da laje, telhado e outros elementos, o tijolo ecol\u00f3gico possui dois furos internamente, para a passagem de conduite, para canos hidr\u00e1ulico e el\u00e9tricos, e tamb\u00e9m os grautes que s\u00e3o colunas que consiste em um ferro (cuja bitola ser\u00e1 calculada por um engenheiro civil) e concreto.<\/p>\n\n\n\n<p><br>Para ser bem utilizado, esse tipo material deve ter um planejamento rigoroso de sua estrutura, de seu projeto el\u00e9trico e hidr\u00e1ulico. \u00c9 fundamental que um bom engenheiro calcule a funda\u00e7\u00e3o ideal para cada tipo de solo, pois ela vai ser respons\u00e1vel por boa parte da otimiza\u00e7\u00e3o da constru\u00e7\u00e3o. Assim, desde a primeira fiada das paredes, j\u00e1 se saber\u00e1 exatamente onde ir\u00e1 cada conduite, cano de agua e estrutura, e tudo ser\u00e1 erguido \u201cao mesmo tempo\u201d, junto com as paredes. Esse processo gera uma economia para o propriet\u00e1rio na compra de mat\u00e9rias, pois ele evita de ter que comprar madeiramento para vigas e colunas, pois, n\u00e3o se utilizar\u00e1 mais f\u00f4rmas para concretagem. Os tijolos j\u00e1 ter\u00e3o essa fun\u00e7\u00e3o.<\/p>\n\n\n\n<p><br>A estrutura \u00e9 bem mais simples e pequena, precisando de menos mat\u00e9rias como na concretagem.<\/p>\n\n\n\n<p><br>Quando falamos em tijolo ecol\u00f3gico, significa ter uma obra muito limpa tanto ecologicamente (devido e a emiss\u00e3o de Co2 nula) quanto a obra ser muito \u00e1gil e pr\u00e1tica, devido ao planejamento da obra e pela facilidade&nbsp;da&nbsp;constru\u00e7\u00e3o.<\/p>\n\n\n\n<p class=\"has-medium-font-size\">.<\/p>\n","protected":false},"excerpt":{"rendered":"<p>O Tijolo Dentre os v\u00e1rios modelos que fabricamos nosso carro chefe \u00e9 o;Tijolo Ecol\u00f3gico Vapt Vupt nas Dimens\u00f5es de; 25 x 12,5 x 7,50 &#8211; 52 pe\u00e7as por m\u00b2\u00d3tima Qualidade, Acabamento,Peso unit\u00e1rio tijolo inteiro 3,5 Kg Os tijolos v\u00e3o paletizados, protegidos a cada fiada com manta, amarrada e com filme strechFrete e prazo de entrega [&hellip;]<\/p>\n","protected":false},"author":1,"featured_media":0,"parent":0,"menu_order":0,"comment_status":"closed","ping_status":"closed","template":"","meta":{"footnotes":""},"class_list":["post-2","page","type-page","status-publish","hentry"],"_links":{"self":[{"href":"https:\/\/tijolosecologicosvaptvupt.com.br\/index.php?rest_route=\/wp\/v2\/pages\/2","targetHints":{"allow":["GET"]}}],"collection":[{"href":"https:\/\/tijolosecologicosvaptvupt.com.br\/index.php?rest_route=\/wp\/v2\/pages"}],"about":[{"href":"https:\/\/tijolosecologicosvaptvupt.com.br\/index.php?rest_route=\/wp\/v2\/types\/page"}],"author":[{"embeddable":true,"href":"https:\/\/tijolosecologicosvaptvupt.com.br\/index.php?rest_route=\/wp\/v2\/users\/1"}],"replies":[{"embeddable":true,"href":"https:\/\/tijolosecologicosvaptvupt.com.br\/index.php?rest_route=%2Fwp%2Fv2%2Fcomments&post=2"}],"version-history":[{"count":13,"href":"https:\/\/tijolosecologicosvaptvupt.com.br\/index.php?rest_route=\/wp\/v2\/pages\/2\/revisions"}],"predecessor-version":[{"id":514,"href":"https:\/\/tijolosecologicosvaptvupt.com.br\/index.php?rest_route=\/wp\/v2\/pages\/2\/revisions\/514"}],"wp:attachment":[{"href":"https:\/\/tijolosecologicosvaptvupt.com.br\/index.php?rest_route=%2Fwp%2Fv2%2Fmedia&parent=2"}],"curies":[{"name":"wp","href":"https:\/\/api.w.org\/{rel}","templated":true}]}}